{"id":236,"date":"2014-04-02T08:50:36","date_gmt":"2014-04-02T15:50:36","guid":{"rendered":"http:\/\/papaclub.net\/?page_id=236"},"modified":"2015-05-12T03:06:17","modified_gmt":"2015-05-12T10:06:17","slug":"papa-store","status":"publish","type":"page","link":"https:\/\/www.papaclub.net\/?page_id=236","title":{"rendered":"PAPA Store"},"content":{"rendered":"<p style=\"text-align: center;\"><strong>Welcome to PAPA STORE!<\/strong><\/p>\n<p style=\"text-align: center;\"><strong>We have found these interested, so we have decided to offer these to you:<\/strong><\/p>\n<p style=\"text-align: center;\"><strong><em>******************************************************************************<\/em><\/strong><\/p>\n<h3 style=\"text-align: center;\">CEGIE\u0141KA NA \u0141UK TRIUMFALNY<\/h3>\n<p style=\"text-align: center;\">Pami\u0105tkowe cegie\u0142ki warto\u015bciowe specjalnie zabezpieczone UV ze znakiem wodnym wydrukowane w Polskiej\u00a0 Wytw\u00f3rni Papier\u00f3w Warto\u015bciowych mo\u017cna kupi\u0107 ponizej.<\/p>\n<p style=\"text-align: center;\">Tylko 50 cegie\u0142ek\u00a0dostepnych ponizej z recznym podpisem pana Jana Pietrzaka.<\/p>\n<p><a href=\"http:\/\/papaclub.net\/wp-content\/uploads\/2014\/04\/Cegielka.gif\"><img loading=\"lazy\" decoding=\"async\" class=\"aligncenter size-full wp-image-488\" alt=\"Cegielka\" src=\"http:\/\/papaclub.net\/wp-content\/uploads\/2014\/04\/Cegielka.gif\" width=\"500\" height=\"352\" \/><\/a><\/p>\n<p>&nbsp;<\/p>\n<form action=\"https:\/\/www.paypal.com\/cgi-bin\/webscr\" method=\"post\" target=\"_top\">\n<input type=\"hidden\" name=\"cmd\" value=\"_s-xclick\"><br \/>\n<input type=\"hidden\" name=\"hosted_button_id\" value=\"RT74T2FLHPXY4\"><\/p>\n<table>\n<tr>\n<td><input type=\"hidden\" name=\"on0\" value=\"Wybierz Ilosc Cegielek:\">Wybierz Ilosc Cegielek:<\/td>\n<\/tr>\n<tr>\n<td><select name=\"os0\"><option value=\"1 CEGIELKA\">1 CEGIELKA $20.00 USD<\/option><option value=\"2 CEGIELKI\">2 CEGIELKI $40.00 USD<\/option><option value=\"3 CEGIELKI\">3 CEGIELKI $60.00 USD<\/option><option value=\"4 CEGIELKI\">4 CEGIELKI $80.00 USD<\/option><option value=\"5 CEGIELEK\">5 CEGIELEK $100.00 USD<\/option><option value=\"6 CEGIELEK\">6 CEGIELEK $120.00 USD<\/option><option value=\"7 CEGIELEK\">7 CEGIELEK $140.00 USD<\/option><option value=\"8 CEGIELEK\">8 CEGIELEK $160.00 USD<\/option><option value=\"9 CEGIELEK\">9 CEGIELEK $180.00 USD<\/option><option value=\"10 CEGIELEK\">10 CEGIELEK $200.00 USD<\/option><\/select> <\/td>\n<\/tr>\n<\/table>\n<p><input type=\"hidden\" name=\"currency_code\" value=\"USD\"><br \/>\n<input type=\"image\" src=\"https:\/\/www.paypalobjects.com\/en_US\/i\/btn\/btn_buynowCC_LG.gif\" border=\"0\" name=\"submit\" alt=\"PayPal - The safer, easier way to pay online!\"><br \/>\n<img loading=\"lazy\" decoding=\"async\" alt=\"\" border=\"0\" src=\"https:\/\/www.paypalobjects.com\/en_US\/i\/scr\/pixel.gif\" width=\"1\" height=\"1\"><br \/>\n<\/form>\n<p style=\"text-align: center;\">Wszelkie dochody z sprzeda\u017cy cegie\u0142ek zostan\u0105 przekazane na Towarzystwo Patriotyczne Fundacja Pana Jana Pietrzaka.<\/p>\n<p style=\"text-align: center;\">******************************************************************************<\/p>\n<p style=\"text-align: center;\"><strong><em>Book Hollywood.pl<\/em><\/strong><\/p>\n<p style=\"text-align: center;\"><a><strong><em><img loading=\"lazy\" decoding=\"async\" class=\"aligncenter  wp-image-225\" style=\"width: 137px; height: 185px;\" alt=\"_HOLLYWOOD PL ANG PRINT Cover_001\" src=\"http:\/\/papaclub.net\/wp-content\/uploads\/2014\/01\/HOLLYWOOD-PL-ANG-PRINT-Cover_001.jpg\" width=\"984\" height=\"1200\" srcset=\"https:\/\/www.papaclub.net\/wp-content\/uploads\/2014\/01\/HOLLYWOOD-PL-ANG-PRINT-Cover_001.jpg 984w, https:\/\/www.papaclub.net\/wp-content\/uploads\/2014\/01\/HOLLYWOOD-PL-ANG-PRINT-Cover_001-246x300.jpg 246w, https:\/\/www.papaclub.net\/wp-content\/uploads\/2014\/01\/HOLLYWOOD-PL-ANG-PRINT-Cover_001-839x1024.jpg 839w, https:\/\/www.papaclub.net\/wp-content\/uploads\/2014\/01\/HOLLYWOOD-PL-ANG-PRINT-Cover_001-250x304.jpg 250w\" sizes=\"auto, (max-width: 984px) 100vw, 984px\" \/><\/em><\/strong><\/a>A journey of Polish film artists from their native country to Hollywood, whose struggles, sacrifices and successes are told in their own words in this book.<\/p>\n<p style=\"text-align: center;\"><em>Purchase your copy of\u00a0this great\u00a0book below:<\/em><\/p>\n<form action=\"https:\/\/www.paypal.com\/cgi-bin\/webscr\" method=\"post\" target=\"_top\"><input type=\"hidden\" name=\"cmd\" value=\"_s-xclick\" \/> <input type=\"hidden\" \/><input type=\"hidden\" name=\"cmd\" value=\"_s-xclick\" \/><br \/>\n<input type=\"hidden\" name=\"hosted_button_id\" value=\"4P9LRQ77JX4XU\" \/><\/p>\n<table>\n<tbody>\n<tr>\n<td><input type=\"hidden\" name=\"on0\" value=\"Book Options:\" \/>Book Options:<\/td>\n<\/tr>\n<tr>\n<td><select name=\"os0\"><option value=\"Book in English\">Book in English $55.00 USD<\/option><option value=\"Book in English signed by authors\">Book in English signed by authors $65.00 USD<\/option><option value=\"Book in Polish\">Book in Polish $55.00 USD<\/option><option value=\"Book in Polish signed by authors\">Book in Polish signed by authors $65.00 USD<\/option><\/select><\/td>\n<\/tr>\n<\/tbody>\n<\/table>\n<p><input type=\"hidden\" name=\"currency_code\" value=\"USD\" \/><br \/>\n<input type=\"image\" alt=\"PayPal - The safer, easier way to pay online!\" name=\"submit\" src=\"https:\/\/www.paypalobjects.com\/en_US\/i\/btn\/btn_buynowCC_LG.gif\" \/><br \/>\n<img loading=\"lazy\" decoding=\"async\" alt=\"\" src=\"https:\/\/www.paypalobjects.com\/en_US\/i\/scr\/pixel.gif\" width=\"1\" height=\"1\" border=\"0\" \/><\/p>\n<\/form>\n<p style=\"text-align: center;\"><strong><em>******************************************************************************<\/em><\/strong><\/p>\n","protected":false},"excerpt":{"rendered":"<p>Welcome to PAPA STORE! We have found these interested, so we have decided to offer these to you: ****************************************************************************** CEGIE\u0141KA NA \u0141UK TRIUMFALNY Pami\u0105tkowe cegie\u0142ki warto\u015bciowe specjalnie zabezpieczone UV ze znakiem wodnym wydrukowane w Polskiej\u00a0 Wytw\u00f3rni Papier\u00f3w Warto\u015bciowych mo\u017cna kupi\u0107 ponizej. Tylko 50 cegie\u0142ek\u00a0dostepnych ponizej z recznym podpisem pana Jana Pietrzaka. &nbsp; Wybierz Ilosc Cegielek: [&hellip;]<\/p>\n","protected":false},"author":1,"featured_media":0,"parent":0,"menu_order":0,"comment_status":"closed","ping_status":"open","template":"","meta":{"jetpack_post_was_ever_published":false,"footnotes":""},"class_list":["post-236","page","type-page","status-publish","hentry"],"jetpack_sharing_enabled":true,"jetpack_shortlink":"https:\/\/wp.me\/P4e0X7-3O","_links":{"self":[{"href":"https:\/\/www.papaclub.net\/index.php?rest_route=\/wp\/v2\/pages\/236","targetHints":{"allow":["GET"]}}],"collection":[{"href":"https:\/\/www.papaclub.net\/index.php?rest_route=\/wp\/v2\/pages"}],"about":[{"href":"https:\/\/www.papaclub.net\/index.php?rest_route=\/wp\/v2\/types\/page"}],"author":[{"embeddable":true,"href":"https:\/\/www.papaclub.net\/index.php?rest_route=\/wp\/v2\/users\/1"}],"replies":[{"embeddable":true,"href":"https:\/\/www.papaclub.net\/index.php?rest_route=%2Fwp%2Fv2%2Fcomments&post=236"}],"version-history":[{"count":20,"href":"https:\/\/www.papaclub.net\/index.php?rest_route=\/wp\/v2\/pages\/236\/revisions"}],"predecessor-version":[{"id":511,"href":"https:\/\/www.papaclub.net\/index.php?rest_route=\/wp\/v2\/pages\/236\/revisions\/511"}],"wp:attachment":[{"href":"https:\/\/www.papaclub.net\/index.php?rest_route=%2Fwp%2Fv2%2Fmedia&parent=236"}],"curies":[{"name":"wp","href":"https:\/\/api.w.org\/{rel}","templated":true}]}}